{"id":7782,"date":"2025-01-08T18:09:47","date_gmt":"2025-01-08T17:09:47","guid":{"rendered":"https:\/\/www.aibl.ch\/?page_id=7782"},"modified":"2025-01-08T18:09:47","modified_gmt":"2025-01-08T17:09:47","slug":"2025-2","status":"publish","type":"page","link":"https:\/\/www.aibl.ch\/fr\/calendrier\/2025-2\/","title":{"rendered":"2025"},"content":{"rendered":"<p>[vc_row top_and_bottom_padding=\u00a0\u00bb\u00a0\u00bb left_and_right_padding=\u00a0\u00bb\u00a0\u00bb bg_type=\u00a0\u00bbbg_image\u00a0\u00bb parallax=\u00a0\u00bbparallax\u00a0\u00bb class=\u00a0\u00bb\u00a0\u00bb style=\u00a0\u00bb\u00a0\u00bb id=\u00a0\u00bb\u00a0\u00bb bg_image=\u00a0\u00bb6812&Prime;][vc_column delay=\u00a0\u00bb\u00a0\u00bb delay_offset=\u00a0\u00bb\u00a0\u00bb bg_type=\u00a0\u00bb\u00a0\u00bb min_height=\u00a0\u00bb\u00a0\u00bb top_and_bottom_padding=\u00a0\u00bb\u00a0\u00bb left_and_right_padding=\u00a0\u00bb\u00a0\u00bb width=\u00a0\u00bb1\/1&Prime;]<div  class=\"dima-clear\" style=\"padding-bottom:10em\"><\/div><h1  class=\"dima-custom-heading\" style=\"text-shadow: 2px 2px 4px rgba(0, 0, 0, 0.63);\"><span style=\"color: #fff;\">Calendrier (2025)<\/span><\/h1>[\/vc_column][\/vc_row][vc_row top_and_bottom_padding=\u00a0\u00bb\u00a0\u00bb left_and_right_padding=\u00a0\u00bb\u00a0\u00bb bg_type=\u00a0\u00bb\u00a0\u00bb class=\u00a0\u00bb\u00a0\u00bb style=\u00a0\u00bb\u00a0\u00bb][vc_column animation=\u00a0\u00bbfadeInLeft\u00a0\u00bb delay=\u00a0\u00bb400&Prime; delay_offset=\u00a0\u00bb\u00a0\u00bb bg_type=\u00a0\u00bb\u00a0\u00bb min_height=\u00a0\u00bb\u00a0\u00bb top_and_bottom_padding=\u00a0\u00bb\u00a0\u00bb left_and_right_padding=\u00a0\u00bb\u00a0\u00bb width=\u00a0\u00bb1\/4&Prime; id=\u00a0\u00bb\u00a0\u00bb class=\u00a0\u00bb\u00a0\u00bb style=\u00a0\u00bb\u00a0\u00bb]<h5>Ev\u00e9nements \u00e0 venir<\/h5>\n[\/vc_column][vc_column animation=\u00a0\u00bbfadeInUp\u00a0\u00bb delay=\u00a0\u00bb500&Prime; delay_offset=\u00a0\u00bb\u00a0\u00bb bg_type=\u00a0\u00bb\u00a0\u00bb min_height=\u00a0\u00bb\u00a0\u00bb top_and_bottom_padding=\u00a0\u00bb\u00a0\u00bb left_and_right_padding=\u00a0\u00bb\u00a0\u00bb width=\u00a0\u00bb3\/4&Prime; id=\u00a0\u00bb\u00a0\u00bb class=\u00a0\u00bb\u00a0\u00bb style=\u00a0\u00bb\u00a0\u00bb]<div class=\"wrapper-events-list\"><div class=\"single-event\">\n\t\t\t\t\t\t\t<div class=\"event_left\">\n\n\t\t\t\t\t\t\t\t<h4>Luncheon with Speaker<\/h4><p class=\"description\"><p><strong>Yasmine Sabeti Lange\u00a0<\/strong><br \/>\n<em>Sabeti Legal<\/em><\/p>\n<p><strong>\u201cCrypto &amp; Law\u201d<\/strong><\/p>\n<p>&nbsp;<\/p>\n<p><em>To register, please email info@aibl.ch by <strong>Tuesday, May 26, 2026<\/strong>\u00a0at the latest. Please provide names and firms of each participant, and let us know if you require a vegetarian meal.<\/em><\/p>\n<p><em>Admission fee<\/em><br \/>\n<em>AIBL members: 55.-<\/em><br \/>\n<em>Non-members: 90.-<\/em><\/p>\n<\/p><\/div>\n\n\t\t\t\t\t\t\t<div class=\"event_right\"><p class=\"date\"><span>vendredi 29 mai 2026<\/span><\/p><ul class=\"icon-list\"><li class=\"lieu\"><i class=\"fa fa-map-marker\"><\/i>Manotel Royal<\/li><li class=\"heure\"><i class=\"fa fa-clock-o\"><\/i>12pm<\/li><\/ul>\t<\/div>\n\t\t\t\t\t\t\t<span class=\"event-separator\"><\/span>\n\t\t\t\t\t   <\/div><div class=\"single-event\">\n\t\t\t\t\t\t\t<div class=\"event_left\">\n\n\t\t\t\t\t\t\t\t<h4>Spring Social Event<\/h4><p class=\"description\"><p>More details coming soon<\/p>\n<\/p><\/div>\n\n\t\t\t\t\t\t\t<div class=\"event_right\"><p class=\"date\"><span>jeudi 04 juin 2026<\/span><\/p><ul class=\"icon-list\"><li class=\"lieu\"><i class=\"fa fa-map-marker\"><\/i>T\u00e9l\u00e9ph\u00e9rique du Sal\u00e8ve<\/li><li class=\"heure\"><i class=\"fa fa-clock-o\"><\/i>6:30pm<\/li><\/ul>\t<\/div>\n\t\t\t\t\t\t\t<span class=\"event-separator\"><\/span>\n\t\t\t\t\t   <\/div><div class=\"single-event\">\n\t\t\t\t\t\t\t<div class=\"event_left\">\n\n\t\t\t\t\t\t\t\t<h4>Summer cruise<\/h4><p class=\"description\"><p>More details coming soon<\/p>\n<\/p><\/div>\n\n\t\t\t\t\t\t\t<div class=\"event_right\"><p class=\"date\"><span>jeudi 27 ao\u00fbt 2026<\/span><\/p><ul class=\"icon-list\"><li class=\"lieu\"><i class=\"fa fa-map-marker\"><\/i>Lac L\u00e9man<\/li><li class=\"heure\"><i class=\"fa fa-clock-o\"><\/i>6:30pm<\/li><\/ul>\t<\/div>\n\t\t\t\t\t\t\t<span class=\"event-separator\"><\/span>\n\t\t\t\t\t   <\/div><div class=\"single-event\">\n\t\t\t\t\t\t\t<div class=\"event_left\">\n\n\t\t\t\t\t\t\t\t<h4>Luncheon with Speaker<\/h4><p class=\"description\"><p><strong>TBC<\/strong><br \/>\n<em>TBC<\/em><\/p>\n<p><strong>\u201cNew Swiss law on transparency\u201d<\/strong><\/p>\n<p>&nbsp;<\/p>\n<p><em>To register, please email info@aibl.ch by <strong>Tuesday, September 22, 2026<\/strong>\u00a0at the latest. Please provide names and firms of each participant, and let us know if you require a vegetarian meal.<\/em><\/p>\n<p><em>Admission fee<\/em><br \/>\n<em>AIBL members: 55.-<\/em><br \/>\n<em>Non-members: 90.-<\/em><\/p>\n<\/p><\/div>\n\n\t\t\t\t\t\t\t<div class=\"event_right\"><p class=\"date\"><span>vendredi 25 septembre 2026<\/span><\/p><ul class=\"icon-list\"><li class=\"lieu\"><i class=\"fa fa-map-marker\"><\/i>TBC<\/li><li class=\"heure\"><i class=\"fa fa-clock-o\"><\/i>12pm<\/li><\/ul>\t<\/div>\n\t\t\t\t\t\t\t<span class=\"event-separator\"><\/span>\n\t\t\t\t\t   <\/div><div class=\"single-event\">\n\t\t\t\t\t\t\t<div class=\"event_left\">\n\n\t\t\t\t\t\t\t\t<h4>Luncheon with Speaker<\/h4><p class=\"description\"><p><strong>TBC<\/strong><br \/>\n<em>TBC<\/em><\/p>\n<p><strong>\u201cFINMA\u201d<\/strong><\/p>\n<p>&nbsp;<\/p>\n<p><em>To register, please email info@aibl.ch by <strong>Tuesday, October 27, 2026<\/strong>\u00a0at the latest. Please provide names and firms of each participant, and let us know if you require a vegetarian meal.<\/em><\/p>\n<p><em>Admission fee<\/em><br \/>\n<em>AIBL members: 55.-<\/em><br \/>\n<em>Non-members: 90.-<\/em><\/p>\n<\/p><\/div>\n\n\t\t\t\t\t\t\t<div class=\"event_right\"><p class=\"date\"><span>vendredi 30 octobre 2026<\/span><\/p><ul class=\"icon-list\"><li class=\"lieu\"><i class=\"fa fa-map-marker\"><\/i>TBC<\/li><li class=\"heure\"><i class=\"fa fa-clock-o\"><\/i>12pm<\/li><\/ul>\t<\/div>\n\t\t\t\t\t\t\t<span class=\"event-separator\"><\/span>\n\t\t\t\t\t   <\/div><div class=\"single-event\">\n\t\t\t\t\t\t\t<div class=\"event_left\">\n\n\t\t\t\t\t\t\t\t<h4>Christmas Party<\/h4><p class=\"description\"><p>More details coming soon<\/p>\n<\/p><\/div>\n\n\t\t\t\t\t\t\t<div class=\"event_right\"><p class=\"date\"><span>mardi 01 d\u00e9cembre 2026<\/span><\/p><ul class=\"icon-list\"><li class=\"lieu\"><i class=\"fa fa-map-marker\"><\/i>La Potini\u00e8re<\/li><li class=\"heure\"><i class=\"fa fa-clock-o\"><\/i>6:30pm<\/li><\/ul>\t<\/div>\n\t\t\t\t\t\t\t<span class=\"event-separator\"><\/span>\n\t\t\t\t\t   <\/div><\/div>\n[\/vc_column][\/vc_row][vc_row no_margin=\u00a0\u00bbtrue\u00a0\u00bb full_width=\u00a0\u00bbfull_width\u00a0\u00bb dark=\u00a0\u00bbtrue\u00a0\u00bb equal_height=\u00a0\u00bbtrue\u00a0\u00bb top_and_bottom_padding=\u00a0\u00bb\u00a0\u00bb left_and_right_padding=\u00a0\u00bb\u00a0\u00bb bg_type=\u00a0\u00bb\u00a0\u00bb class=\u00a0\u00bbwrapper-block-img-bottom-page\u00a0\u00bb style=\u00a0\u00bbz-index:0 !important;\u00a0\u00bb id=\u00a0\u00bb\u00a0\u00bb][vc_column delay=\u00a0\u00bb\u00a0\u00bb delay_offset=\u00a0\u00bb\u00a0\u00bb bg_type=\u00a0\u00bbbg_image\u00a0\u00bb min_height=\u00a0\u00bb328px\u00a0\u00bb top_and_bottom_padding=\u00a0\u00bb\u00a0\u00bb left_and_right_padding=\u00a0\u00bb\u00a0\u00bb sd=\u00a0\u00bb6&Prime; width=\u00a0\u00bb2\/3&Prime; id=\u00a0\u00bb\u00a0\u00bb class=\u00a0\u00bbbackground-img-bottom-page\u00a0\u00bb style=\u00a0\u00bb\u00a0\u00bb bg_image=\u00a0\u00bb6913&Prime;][\/vc_column][vc_column delay=\u00a0\u00bb\u00a0\u00bb delay_offset=\u00a0\u00bb\u00a0\u00bb bg_type=\u00a0\u00bbbg_color\u00a0\u00bb min_height=\u00a0\u00bb\u00a0\u00bb top_and_bottom_padding=\u00a0\u00bb\u00a0\u00bb left_and_right_padding=\u00a0\u00bb\u00a0\u00bb sd=\u00a0\u00bb12&Prime; width=\u00a0\u00bb1\/3&Prime; id=\u00a0\u00bb\u00a0\u00bb class=\u00a0\u00bbno-bottom-margin background-orange\u00a0\u00bb style=\u00a0\u00bb\u00a0\u00bb bg_color=\u00a0\u00bb#d61810&Prime;]<p><span style=\"color: #ffffff; font-size: 16px; font-weight: bold;\">Would you like more information about the AIBL? Feel free to contact us.<\/span><\/p>\n<div  class=\"dima-clear\" style=\"padding-bottom:15px\"><\/div><a   data-direction=\"down\" class=\"dima-button di_white  dima-btn-no-rounded stroke dima-btn-small\"  href=\"http:\/\/www.aibl.ch\/contact\/\"    >CONTACT US<\/a>[\/vc_column][\/vc_row]<\/p>\n","protected":false},"excerpt":{"rendered":"<p>[vc_row top_and_bottom_padding=\u00a0\u00bb\u00a0\u00bb left_and_right_padding=\u00a0\u00bb\u00a0\u00bb bg_type=\u00a0\u00bbbg_image\u00a0\u00bb parallax=\u00a0\u00bbparallax\u00a0\u00bb class=\u00a0\u00bb\u00a0\u00bb style=\u00a0\u00bb\u00a0\u00bb id=\u00a0\u00bb\u00a0\u00bb bg_image=\u00a0\u00bb6812&Prime;][vc_column delay=\u00a0\u00bb\u00a0\u00bb delay_offset=\u00a0\u00bb\u00a0\u00bb bg_type=\u00a0\u00bb\u00a0\u00bb min_height=\u00a0\u00bb\u00a0\u00bb top_and_bottom_padding=\u00a0\u00bb\u00a0\u00bb left_and_right_padding=\u00a0\u00bb\u00a0\u00bb width=\u00a0\u00bb1\/1&Prime;][\/vc_column][\/vc_row][vc_row top_and_bottom_padding=\u00a0\u00bb\u00a0\u00bb left_and_right_padding=\u00a0\u00bb\u00a0\u00bb bg_type=\u00a0\u00bb\u00a0\u00bb class=\u00a0\u00bb\u00a0\u00bb style=\u00a0\u00bb\u00a0\u00bb][vc_column animation=\u00a0\u00bbfadeInLeft\u00a0\u00bb delay=\u00a0\u00bb400&Prime; delay_offset=\u00a0\u00bb\u00a0\u00bb bg_type=\u00a0\u00bb\u00a0\u00bb min_height=\u00a0\u00bb\u00a0\u00bb top_and_bottom_padding=\u00a0\u00bb\u00a0\u00bb left_and_right_padding=\u00a0\u00bb\u00a0\u00bb width=\u00a0\u00bb1\/4&Prime; id=\u00a0\u00bb\u00a0\u00bb class=\u00a0\u00bb\u00a0\u00bb style=\u00a0\u00bb\u00a0\u00bb][\/vc_column][vc_column animation=\u00a0\u00bbfadeInUp\u00a0\u00bb delay=\u00a0\u00bb500&Prime; delay_offset=\u00a0\u00bb\u00a0\u00bb bg_type=\u00a0\u00bb\u00a0\u00bb min_height=\u00a0\u00bb\u00a0\u00bb top_and_bottom_padding=\u00a0\u00bb\u00a0\u00bb left_and_right_padding=\u00a0\u00bb\u00a0\u00bb width=\u00a0\u00bb3\/4&Prime; id=\u00a0\u00bb\u00a0\u00bb class=\u00a0\u00bb\u00a0\u00bb style=\u00a0\u00bb\u00a0\u00bb][\/vc_column][\/vc_row][vc_row no_margin=\u00a0\u00bbtrue\u00a0\u00bb full_width=\u00a0\u00bbfull_width\u00a0\u00bb dark=\u00a0\u00bbtrue\u00a0\u00bb equal_height=\u00a0\u00bbtrue\u00a0\u00bb top_and_bottom_padding=\u00a0\u00bb\u00a0\u00bb left_and_right_padding=\u00a0\u00bb\u00a0\u00bb bg_type=\u00a0\u00bb\u00a0\u00bb class=\u00a0\u00bbwrapper-block-img-bottom-page\u00a0\u00bb style=\u00a0\u00bbz-index:0 !important;\u00a0\u00bb id=\u00a0\u00bb\u00a0\u00bb][vc_column delay=\u00a0\u00bb\u00a0\u00bb [&hellip;]<\/p>\n","protected":false},"author":3,"featured_media":0,"parent":6875,"menu_order":0,"comment_status":"closed","ping_status":"closed","template":"","meta":{"_mi_skip_tracking":false,"footnotes":""},"class_list":["post-7782","page","type-page","status-publish","hentry"],"_links":{"self":[{"href":"https:\/\/www.aibl.ch\/fr\/wp-json\/wp\/v2\/pages\/7782","targetHints":{"allow":["GET"]}}],"collection":[{"href":"https:\/\/www.aibl.ch\/fr\/wp-json\/wp\/v2\/pages"}],"about":[{"href":"https:\/\/www.aibl.ch\/fr\/wp-json\/wp\/v2\/types\/page"}],"author":[{"embeddable":true,"href":"https:\/\/www.aibl.ch\/fr\/wp-json\/wp\/v2\/users\/3"}],"replies":[{"embeddable":true,"href":"https:\/\/www.aibl.ch\/fr\/wp-json\/wp\/v2\/comments?post=7782"}],"version-history":[{"count":1,"href":"https:\/\/www.aibl.ch\/fr\/wp-json\/wp\/v2\/pages\/7782\/revisions"}],"predecessor-version":[{"id":7783,"href":"https:\/\/www.aibl.ch\/fr\/wp-json\/wp\/v2\/pages\/7782\/revisions\/7783"}],"up":[{"embeddable":true,"href":"https:\/\/www.aibl.ch\/fr\/wp-json\/wp\/v2\/pages\/6875"}],"wp:attachment":[{"href":"https:\/\/www.aibl.ch\/fr\/wp-json\/wp\/v2\/media?parent=7782"}],"curies":[{"name":"wp","href":"https:\/\/api.w.org\/{rel}","templated":true}]}}